{"id":74,"date":"2019-05-24T16:57:22","date_gmt":"2019-05-24T14:57:22","guid":{"rendered":"http:\/\/rypublik.de\/?page_id=74"},"modified":"2025-07-07T11:41:44","modified_gmt":"2025-07-07T09:41:44","slug":"startseite","status":"publish","type":"page","link":"https:\/\/rypublik.de\/","title":{"rendered":"RYPUBLIK Verlag"},"content":{"rendered":"<p>Verlag f\u00fcr :<\/p>\n<p><!--StartFragment--><\/p>\n<p>\u2666 Dissertationen des <a href=\"http:\/\/www.alc.wzw.tum.de\/index.php?id=91\">Lehrstuhls f\u00fcr Analytische Lebensmittelchemie der TU M\u00fcnchen<\/a><\/p>\n<p><!--StartFragment--><\/p>\n<p>\u2666 Wissenschaftliche Monografien, Essays und sonstige Werke (in Vorbereitung)<\/p>\n<p><!--StartFragment--><\/p>\n\n\n<p>Bestellungen per email:       office@rypublik.de<\/p>\n\n\n\n<p><\/p>\n\n\n\n<div class=\"wp-block-media-text alignwide is-stacked-on-mobile\" style=\"grid-template-columns:41% auto\"><figure class=\"wp-block-media-text__media\"><a href=\"https:\/\/rypublik.de\/wp-content\/uploads\/2025\/07\/Deckblatt-Obermaier-e1751879478632.jpg\"><img decoding=\"async\" loading=\"lazy\" width=\"714\" height=\"1024\" src=\"https:\/\/rypublik.de\/wp-content\/uploads\/2025\/07\/Deckblatt-Obermaier-e1751879478632-714x1024.jpg\" alt=\"\" class=\"wp-image-286 size-full\" srcset=\"https:\/\/rypublik.de\/wp-content\/uploads\/2025\/07\/Deckblatt-Obermaier-e1751879478632-714x1024.jpg 714w, https:\/\/rypublik.de\/wp-content\/uploads\/2025\/07\/Deckblatt-Obermaier-e1751879478632-209x300.jpg 209w, https:\/\/rypublik.de\/wp-content\/uploads\/2025\/07\/Deckblatt-Obermaier-e1751879478632-768x1102.jpg 768w, https:\/\/rypublik.de\/wp-content\/uploads\/2025\/07\/Deckblatt-Obermaier-e1751879478632-1070x1536.jpg 1070w, https:\/\/rypublik.de\/wp-content\/uploads\/2025\/07\/Deckblatt-Obermaier-e1751879478632.jpg 1136w\" sizes=\"(max-width: 714px) 100vw, 714px\" \/><\/a><\/figure><div class=\"wp-block-media-text__content\">\n<p><strong>Lisa Obermaier:<\/strong><\/p>\n\n\n\n<p>Quellen und Bioverf\u00fcgbarkeit nat\u00fcrlicher Folate insbesondere in fermentierten Lebensmitteln, 2024<br><a href=\"https:\/\/rypublik.de\/?page_id=280\" data-type=\"URL\" data-id=\"https:\/\/rypublik.de\/?page_id=280\">Zusammenfassung<\/a><\/p>\n\n\n\n<p>ISBN:&nbsp; 978-3-945762-07-3&nbsp;&nbsp;&nbsp;&nbsp;&nbsp;&nbsp;&nbsp;&nbsp;&nbsp;&nbsp;&nbsp;&nbsp;&nbsp;&nbsp;&nbsp;&nbsp;&nbsp;&nbsp;&nbsp;&nbsp;&nbsp;&nbsp;&nbsp;&nbsp;&nbsp; <\/p>\n\n\n\n<p>165 Seiten, 44 Abbildungen, 49 Tabellen, Format DIN A5 <\/p>\n\n\n\n<p>Preis (inkl. 7 % U.St.) : 85 \u20ac (+ Versand)<\/p>\n<\/div><\/div>\n\n\n\n<div class=\"wp-block-media-text alignwide is-stacked-on-mobile\" style=\"grid-template-columns:41% auto\"><figure class=\"wp-block-media-text__media\"><img decoding=\"async\" loading=\"lazy\" width=\"731\" height=\"1024\" src=\"https:\/\/rypublik.de\/wp-content\/uploads\/2023\/05\/Deckblatt-Bachmann-e1683903684960-731x1024.jpg\" alt=\"\" class=\"wp-image-264 size-full\" srcset=\"https:\/\/rypublik.de\/wp-content\/uploads\/2023\/05\/Deckblatt-Bachmann-e1683903684960-731x1024.jpg 731w, https:\/\/rypublik.de\/wp-content\/uploads\/2023\/05\/Deckblatt-Bachmann-e1683903684960-214x300.jpg 214w, https:\/\/rypublik.de\/wp-content\/uploads\/2023\/05\/Deckblatt-Bachmann-e1683903684960-768x1076.jpg 768w, https:\/\/rypublik.de\/wp-content\/uploads\/2023\/05\/Deckblatt-Bachmann-e1683903684960-1096x1536.jpg 1096w, https:\/\/rypublik.de\/wp-content\/uploads\/2023\/05\/Deckblatt-Bachmann-e1683903684960.jpg 1151w\" sizes=\"(max-width: 731px) 100vw, 731px\" \/><\/figure><div class=\"wp-block-media-text__content\">\n<p><strong>Thomas Bachmann:<\/strong><\/p>\n\n\n\n<p>Synthesis of isotopically labeled standards of vitamin B<sub>6<\/sub> and their application in the development of an LC-MS\/MS method for quantification of B<sub>6<\/sub> in food, 2021<br><a href=\"https:\/\/rypublik.de\/?page_id=276\">Zusammenfassung<\/a><\/p>\n\n\n\n<p>ISBN:&nbsp; 978-3-945762-07-3&nbsp;&nbsp;&nbsp;&nbsp;&nbsp;&nbsp;&nbsp;&nbsp;&nbsp;&nbsp;&nbsp;&nbsp;&nbsp;&nbsp;&nbsp;&nbsp;&nbsp;&nbsp;&nbsp;&nbsp;&nbsp;&nbsp;&nbsp;&nbsp;&nbsp; <\/p>\n\n\n\n<p>231 Seiten, 29 Abbildungen, 6 Tabellen, Format DIN A5 <\/p>\n\n\n\n<p>Preis (inkl. 7 % U.St.) : 85 \u20ac (+ Versand)<\/p>\n<\/div><\/div>\n\n\n\n<div class=\"wp-block-media-text alignwide is-stacked-on-mobile\" style=\"grid-template-columns:41% auto\"><figure class=\"wp-block-media-text__media\"><img decoding=\"async\" loading=\"lazy\" width=\"724\" height=\"1024\" src=\"https:\/\/rypublik.de\/wp-content\/uploads\/2023\/05\/Deckblatt-Striegel-724x1024.jpg\" alt=\"\" class=\"wp-image-259 size-full\" srcset=\"https:\/\/rypublik.de\/wp-content\/uploads\/2023\/05\/Deckblatt-Striegel-724x1024.jpg 724w, https:\/\/rypublik.de\/wp-content\/uploads\/2023\/05\/Deckblatt-Striegel-212x300.jpg 212w, https:\/\/rypublik.de\/wp-content\/uploads\/2023\/05\/Deckblatt-Striegel-768x1086.jpg 768w, https:\/\/rypublik.de\/wp-content\/uploads\/2023\/05\/Deckblatt-Striegel-1086x1536.jpg 1086w, https:\/\/rypublik.de\/wp-content\/uploads\/2023\/05\/Deckblatt-Striegel-1448x2048.jpg 1448w, https:\/\/rypublik.de\/wp-content\/uploads\/2023\/05\/Deckblatt-Striegel.jpg 1653w\" sizes=\"(max-width: 724px) 100vw, 724px\" \/><\/figure><div class=\"wp-block-media-text__content\">\n<p><strong>Lisa Striegel:<\/strong><\/p>\n\n\n\n<p>Analytik und Bioverf\u00fcgbarkeit von Folaten in folatreichen Lebensmitteln, 2019<br><a href=\"https:\/\/rypublik.de\/?page_id=270\">Zusammenfassung<\/a><\/p>\n\n\n\n<p>ISBN:&nbsp; 978-3-945762-06-6&nbsp;&nbsp;&nbsp;&nbsp;&nbsp;&nbsp;&nbsp;&nbsp;&nbsp;&nbsp;&nbsp;&nbsp;&nbsp;&nbsp;&nbsp;&nbsp;&nbsp;&nbsp;&nbsp;&nbsp;&nbsp;&nbsp;&nbsp;&nbsp;&nbsp; <\/p>\n\n\n\n<p>292 Seiten, 74 Abbildungen, 73 Tabellen, Format DIN A4 <\/p>\n\n\n\n<p>Preis (inkl. 7 % U.St.) : 85 \u20ac (+ Versand)<\/p>\n<\/div><\/div>\n\n\n\n<div class=\"wp-block-media-text alignwide is-stacked-on-mobile\" style=\"grid-template-columns:41% auto\"><figure class=\"wp-block-media-text__media\"><img decoding=\"async\" src=\"https:\/\/rypublik.de\/wp-content\/uploads\/2019\/05\/Deckblatt-Kopp-1-e1561394790629.jpg\" alt=\"Dissertation von Markus Kopp: Entwicklung von Stabilisotopenverd\u00fcnnungsanalysen f\u00fcr Folate\" class=\"wp-image-145 size-full\"\/><\/figure><div class=\"wp-block-media-text__content\">\n<p><strong><a href=\"https:\/\/rypublik.de\/?page_id=174\">Markus Kopp:<\/a><\/strong><\/p>\n\n\n\n<p>Entwicklung und Anwendung von Stabilisotopenverd\u00fcnnungsanalysen zur Quantifizierung von Folaten in der klinischen Diagnostik sowie zur Charakterisierung folatproduzierender Bifidobakterien, 2018<br><a href=\"https:\/\/rypublik.de\/?page_id=174\">Zusammenfassung<\/a><\/p>\n\n\n\n<p>ISBN:&nbsp; 978-3-945762-04-2&nbsp;&nbsp;&nbsp;&nbsp;&nbsp;&nbsp;&nbsp;&nbsp;&nbsp;&nbsp;&nbsp;&nbsp;&nbsp;&nbsp;&nbsp;&nbsp;&nbsp;&nbsp;&nbsp;&nbsp;&nbsp;&nbsp;&nbsp;&nbsp;&nbsp; <\/p>\n\n\n\n<p>398 Seiten, 108 Abbildungen, 84 Tabellen, Format DIN A4 <\/p>\n\n\n\n<p>Preis (inkl. 7 % U.St.) : 100 \u20ac (+ Versand)<\/p>\n<\/div><\/div>\n\n\n\n<p><\/p>\n\n\n\n<div class=\"wp-block-media-text alignwide is-stacked-on-mobile\" style=\"grid-template-columns:41% auto\"><figure class=\"wp-block-media-text__media\"><img decoding=\"async\" loading=\"lazy\" width=\"709\" height=\"1024\" src=\"https:\/\/rypublik.de\/wp-content\/uploads\/2019\/05\/Deckblatt-Thamm-n-709x1024.jpg\" alt=\"Dissertation von Irene Thamm: Synthese und Analytik des Aromastoffes Thujon\" class=\"wp-image-146 size-full\"\/><\/figure><div class=\"wp-block-media-text__content\">\n<p><strong><a href=\"https:\/\/rypublik.de\/?page_id=226\">Irene Thamm:<\/a><\/strong><\/p>\n\n\n\n<p>Synthese und Analytik des Naturstoffes Thujon und seiner Metaboliten, 2018<br><a href=\"https:\/\/rypublik.de\/?page_id=226\">Zusammenfassung<\/a> <\/p>\n\n\n\n<p>ISBN:&nbsp; 978-3-945762-05-9&nbsp;&nbsp;&nbsp;&nbsp;&nbsp;&nbsp;&nbsp;&nbsp;&nbsp;&nbsp;&nbsp;&nbsp;&nbsp;&nbsp;&nbsp;&nbsp;&nbsp;&nbsp;&nbsp;&nbsp;&nbsp;&nbsp;&nbsp;&nbsp;&nbsp; <\/p>\n\n\n\n<p>193 Seiten, 56 Abbildungen, 16 Tabellen, Format DIN A5<\/p>\n\n\n\n<p>Preis (inkl. 7 % U.St.) : 75 \u20ac (+ Versand)<\/p>\n<\/div><\/div>\n\n\n\n<div class=\"wp-block-media-text alignwide is-stacked-on-mobile\" style=\"grid-template-columns:41% auto\"><figure class=\"wp-block-media-text__media\"><img decoding=\"async\" loading=\"lazy\" width=\"714\" height=\"1024\" src=\"https:\/\/rypublik.de\/wp-content\/uploads\/2019\/05\/Deckblatt-Habler-714x1024.jpg\" alt=\"Dissertation von Katharina Habler: Synthese und Analytik von Fusarium-Toxinen in Gerste, Malz, und Bier\" class=\"wp-image-138 size-full\"\/><\/figure><div class=\"wp-block-media-text__content\">\n<p><strong><a href=\"https:\/\/rypublik.de\/?page_id=233\">Katharina Habler:<\/a><\/strong><\/p>\n\n\n\n<p> Synthese von Deoxynivalenol-3-\u03b2-D-[13C6]-Glucosid und Multimykotoxinanalytik von Fusarium Toxinen in Gerste, Malz und Bier , 2017<br><a href=\"https:\/\/rypublik.de\/?page_id=233\">Zusammenfassung<\/a><\/p>\n\n\n\n<p>ISBN:&nbsp;   978-3-945762-03-5  &nbsp;&nbsp;&nbsp;&nbsp;&nbsp;&nbsp;&nbsp;&nbsp;&nbsp;&nbsp;&nbsp;&nbsp;&nbsp;&nbsp;&nbsp;&nbsp;&nbsp;&nbsp;&nbsp;&nbsp;&nbsp;&nbsp;&nbsp;&nbsp;&nbsp; <\/p>\n\n\n\n<p>254 Seiten, 45 Abbildungen, 88 Tabellen, Format DIN A5<\/p>\n\n\n\n<p>Preis (inkl. 7 % U.St.) : 85 \u20ac (+ Versand)<\/p>\n<\/div><\/div>\n\n\n\n<div class=\"wp-block-media-text alignwide is-stacked-on-mobile\" style=\"grid-template-columns:41% auto\"><figure class=\"wp-block-media-text__media\"><img decoding=\"async\" loading=\"lazy\" width=\"733\" height=\"1024\" src=\"https:\/\/rypublik.de\/wp-content\/uploads\/2019\/05\/Deckblatt-Firl-733x1024.jpg\" alt=\"Dissertation von Nina Firl: Analytik von Fetts\u00e4uren und von Sterolen\" class=\"wp-image-135 size-full\"\/><\/figure><div class=\"wp-block-media-text__content\">\n<p><strong>Nina Firl:<\/strong><\/p>\n\n\n\n<p>Entwicklung und Validierung von Methoden f\u00fcr die Analytik von Fetts\u00e4uren in Lipidklassen des Humanplasmas und von Sterolen und Sterolfetts\u00e4ureestern in Lebensmitteln, 2016 <\/p>\n\n\n\n<p>ISBN:&nbsp;  978-3-945762-01-1 &nbsp;&nbsp;&nbsp;&nbsp;&nbsp;&nbsp;&nbsp;&nbsp;&nbsp;&nbsp;&nbsp;&nbsp;&nbsp;&nbsp;&nbsp;&nbsp;&nbsp;&nbsp;&nbsp;&nbsp;&nbsp;&nbsp;&nbsp;&nbsp;&nbsp; <\/p>\n\n\n\n<p>152 Seiten, 32 Abbildungen, 40 Tabellen, Format DIN A5<\/p>\n\n\n\n<p>Preis (inkl. 7 % U.St.) : 65 \u20ac (+ Versand)<\/p>\n<\/div><\/div>\n\n\n\n<div class=\"wp-block-media-text alignwide is-stacked-on-mobile\" style=\"grid-template-columns:41% auto\"><figure class=\"wp-block-media-text__media\"><img decoding=\"async\" loading=\"lazy\" width=\"693\" height=\"1024\" src=\"https:\/\/rypublik.de\/wp-content\/uploads\/2019\/05\/Deckblatt-Lichtenegger-693x1024.jpg\" alt=\"Dissertation von Martina Lichtenegger: Analytik von Polyethylenglykolen\" class=\"wp-image-147 size-full\"\/><\/figure><div class=\"wp-block-media-text__content\">\n<p><strong>Martina Lichtenegger:<\/strong><\/p>\n\n\n\n<p>Entwicklung und Anwendung von Analysenmethoden f\u00fcr homologe Polyethylenglykole, 2016 <\/p>\n\n\n\n<p>ISBN:&nbsp;   978-3-945762-02-8  &nbsp;&nbsp;&nbsp;&nbsp;&nbsp;&nbsp;&nbsp;&nbsp;&nbsp;&nbsp;&nbsp;&nbsp;&nbsp;&nbsp;&nbsp;&nbsp;&nbsp;&nbsp;&nbsp;&nbsp;&nbsp;&nbsp;&nbsp;&nbsp;&nbsp; <\/p>\n\n\n\n<p>158 Seiten, 27 Abbildungen, 49 Tabellen, Format DIN A5<\/p>\n\n\n\n<p>Preis (inkl. 7 % U.St.) : 65 \u20ac (+ Versand)<\/p>\n<\/div><\/div>\n\n\n\n<div class=\"wp-block-media-text alignwide is-stacked-on-mobile\" style=\"grid-template-columns:41% auto\"><figure class=\"wp-block-media-text__media\"><img decoding=\"async\" loading=\"lazy\" width=\"731\" height=\"1024\" src=\"https:\/\/rypublik.de\/wp-content\/uploads\/2019\/05\/Deckblatt-Rychlik-731x1024.jpg\" alt=\"Dissertation von Michael Rychlik: Aromastoffe von Toastbrot\" class=\"wp-image-140 size-full\"\/><\/figure><div class=\"wp-block-media-text__content\">\n<p><strong>Michael Rychlik:<\/strong><\/p>\n\n\n\n<p> Aromastoffe von getoastetem Weissbrot, 1997 <\/p>\n\n\n\n<p>ISBN:&nbsp;  &#8211;&nbsp;&nbsp;&nbsp;&nbsp;&nbsp;&nbsp;&nbsp;&nbsp;&nbsp;&nbsp;&nbsp;&nbsp;&nbsp;&nbsp;&nbsp;&nbsp;&nbsp;&nbsp;&nbsp;&nbsp;&nbsp;&nbsp;&nbsp;&nbsp;&nbsp; <\/p>\n\n\n\n<p>155 Seiten, 38 Abbildungen, 39 Tabellen, Format DIN A5<\/p>\n\n\n\n<p>Preis (inkl. 7 % U.St.) : 35 \u20ac (+ Versand)<\/p>\n<\/div><\/div>\n\n\n\n<p><\/p>\n","protected":false},"excerpt":{"rendered":"<p>Verlag f\u00fcr : \u2666 Dissertationen des Lehrstuhls f\u00fcr Analytische Lebensmittelchemie der TU M\u00fcnchen \u2666 Wissenschaftliche Monografien, Essays und sonstige Werke (in Vorbereitung) Bestellungen per email: office@rypublik.de Lisa Obermaier: Quellen und&#8230; <\/p>\n","protected":false},"author":1,"featured_media":0,"parent":0,"menu_order":0,"comment_status":"closed","ping_status":"closed","template":"","meta":[],"_links":{"self":[{"href":"https:\/\/rypublik.de\/index.php?rest_route=\/wp\/v2\/pages\/74"}],"collection":[{"href":"https:\/\/rypublik.de\/index.php?rest_route=\/wp\/v2\/pages"}],"about":[{"href":"https:\/\/rypublik.de\/index.php?rest_route=\/wp\/v2\/types\/page"}],"author":[{"embeddable":true,"href":"https:\/\/rypublik.de\/index.php?rest_route=\/wp\/v2\/users\/1"}],"replies":[{"embeddable":true,"href":"https:\/\/rypublik.de\/index.php?rest_route=%2Fwp%2Fv2%2Fcomments&post=74"}],"version-history":[{"count":63,"href":"https:\/\/rypublik.de\/index.php?rest_route=\/wp\/v2\/pages\/74\/revisions"}],"predecessor-version":[{"id":300,"href":"https:\/\/rypublik.de\/index.php?rest_route=\/wp\/v2\/pages\/74\/revisions\/300"}],"wp:attachment":[{"href":"https:\/\/rypublik.de\/index.php?rest_route=%2Fwp%2Fv2%2Fmedia&parent=74"}],"curies":[{"name":"wp","href":"https:\/\/api.w.org\/{rel}","templated":true}]}}